{"id":13,"date":"2022-07-05T20:01:06","date_gmt":"2022-07-05T20:01:06","guid":{"rendered":"http:\/\/islabonita-pb.com\/?page_id=13"},"modified":"2022-10-31T14:24:11","modified_gmt":"2022-10-31T14:24:11","slug":"trasparencia","status":"publish","type":"page","link":"https:\/\/islabonita-pb.com\/index.php\/trasparencia\/","title":{"rendered":"Transparencia"},"content":{"rendered":"\n<p> <p><strong>ULTIMA MODIFICACION: <\/strong>31\/10\/2022<\/p>   <p><strong>EJERCICIO:<\/strong> 2021<\/p> <\/p>\n\n\n\n<div class=\"container\">\n<details>\n    <summary>Institucional<\/summary>\n  <div>\n<p><b>Denominaci\u00f3n:<\/b> LOS HERMANOS CHILANZ SL\n<p><b>NIF:<\/b> B76166032\n<p><b>Domicilio Social:<\/b> Calle AVDA MARITIMA n\u00ba 55, 35580 Playa Blanca &#8211; YAIZA\n<\/div>\n<\/details>\n<details>\n    <summary>Organizativa<\/summary>\n  <div>\n<p><b>Estructura org\u00e1nica:<\/b> Entidad mercantil sujeta a normativa comercial, laboral, fiscal, administrativa aplicable y de transparencia 12\/2014 y 19\/ 2013 \n<p><b>CNAE:<\/b> CNAE 5610 \/RESTAURANTE Y PUESTO DE COMIDAS\n<p><b>OBJETO SOCIAL:<\/b> LA EXPLOTACION DE TODA CLASE DE BARES, CAFETERIAS O RESTAURENTES\n<p><b>Estructura org\u00e1nica:<\/b> DO\u00d1ALIJUAN WU (Administradora solidaria) Y DON WENQUAN XU (Administrador solidario)\n<p><b>ADMINISTRADORES FUNCIONES:<\/b> Responsables para todas las funciones.\n<p>\n<\/div>\n<\/details>\n<details>\n    <summary>Econ\u00f3mico-financiera<\/summary>\n  <div>\n<p><b>Informaci\u00f3n presupuestaria y contable:<\/b> Seg\u00fan Real Decreto 602\/2016 en su art\u00edculo primero, al no superar los l\u00edmites que hoy en d\u00eda facultan a esta Mercantil a presentar el modelo abreviado de balance y memoria, no siendo por ello obligatorio la presentaci\u00f3n de estado de cambios en el patrimonio neto y el estado de flujos de efectivo.\n<p>Seg\u00fan art\u00edculo 257 del Real Decreto Legislativo 1\/2010 de 2 de julio o criterios recogidos en el Reglamento de Auditoria (Real Decreto 151\/2011): la Mercantil no resulta obligada a presentar informes auditados.\n<\/div>\n<\/details>\n<details>\n    <summary>Contratos<\/summary>\n  <div>\n<p><b>Contratos formalizados con entidades p\u00fablicas:<\/b> La empresa no tiene ni ha tenido contratos con Administraciones P\u00fablicas.\n<p><b>Relaci\u00f3n de contratos resueltos con entidades p\u00fablicas:<\/b> La empresa no tiene ni ha tenido contratos con Administraciones P\u00fablicas.\n<p><b>Informaci\u00f3n trimestral de contratos menores con entidades p\u00fablicas:<\/b> La empresa no tiene ni ha tenido contratos con Administraciones P\u00fablicas.\n<\/div>\n<\/details>\n<details>\n    <summary>Convenios y encomiendas de gesti\u00f3n<\/summary>\n  <div>\n<p><b>Convenios con entidades p\u00fablicas:<\/b> La empresa no tiene ni ha tenido convenios con Administraciones P\u00fablicas.\n<\/div>\n<\/details>\n<\/details>\n<details>\n    <summary>Ayudas y subvenciones<\/summary>\n  <div>\n<p>Relaci\u00f3n de ayudas y subvenciones concedidas: \n<p><b>CABILDO DE LANZAROTE<\/b>\n<p>CONVOCATORIA DE SUBVENCIONES DEL CABILDO INSULAR DE LANZAROTE DESTINADAS A PALIAR EL IMPACTO ECON\u00d3MICO QUE LA CRISIS SANITARIA DEL COVID-19 EST\u00c1 TENIENDO EN LOS TRABAJADORES POR CUENTA PROPIA Y PEQUE\u00d1AS EMPRESAS EN LAS ISLAS DE LANZAROTE Y LA GRACIOSA\nIMPORTE : 2.500,00 \u20ac\n<p><b>GOBIERNO DE CANARIAS<\/b>\n<p>SUBVENCIONES A PYMES DE LOS SECTORES DE ACTIVIDAD M\u00c1S AFECTADOS POR LA COVID-19\nIMPORTE: 14.160,00 \u20ac\n<p><b>ESTADO ESPA\u00d1OL<\/b>\n<P>CONCESI\u00d3N DE LINEA COVID DE AYUDAS DIRECTAS A PERSONAS AUT\u00d3NOMAS Y EMPRESAS TITULO I RDL 5_2021 \nIMPORTE: 148.227,00\u20ac\n<\/div>\n<\/details>\n<\/div>\n\n\n<div class=\"wp-block-image\">\n<figure class=\"aligncenter size-full\"><img loading=\"lazy\" width=\"250\" height=\"66\" src=\"http:\/\/islabonita-pb.com\/wp-content\/uploads\/2022\/07\/transparencialogo.png\" alt=\"\" class=\"wp-image-48\"\/><figcaption><strong><a href=\"https:\/\/transparenciacanarias.org\/\" target=\"_blank\" rel=\"noreferrer noopener\">Comisionado de Transparencia del Gobierno de Canarias<\/a><\/strong><\/figcaption><\/figure><\/div>","protected":false},"excerpt":{"rendered":"<p>ULTIMA MODIFICACION: 31\/10\/2022 EJERCICIO: 2021 Institucional Denominaci\u00f3n: LOS HERMANOS CHILANZ SL NIF: B76166032 Domicilio Social: Calle AVDA MARITIMA n\u00ba 55, 35580 Playa Blanca &#8211; YAIZA Organizativa Estructura org\u00e1nica: Entidad mercantil sujeta a normativa comercial, laboral, fiscal, administrativa aplicable y de transparencia 12\/2014 y 19\/ 2013 CNAE: CNAE 5610 \/RESTAURANTE Y PUESTO DE COMIDAS OBJETO SOCIAL: [&hellip;]<\/p>\n","protected":false},"author":1,"featured_media":0,"parent":0,"menu_order":0,"comment_status":"closed","ping_status":"closed","template":"","meta":{"hide_page_title":"","om_disable_all_campaigns":false,"_monsterinsights_skip_tracking":false,"_monsterinsights_sitenote_active":false,"_monsterinsights_sitenote_note":"","_monsterinsights_sitenote_category":0},"_links":{"self":[{"href":"https:\/\/islabonita-pb.com\/index.php\/wp-json\/wp\/v2\/pages\/13"}],"collection":[{"href":"https:\/\/islabonita-pb.com\/index.php\/wp-json\/wp\/v2\/pages"}],"about":[{"href":"https:\/\/islabonita-pb.com\/index.php\/wp-json\/wp\/v2\/types\/page"}],"author":[{"embeddable":true,"href":"https:\/\/islabonita-pb.com\/index.php\/wp-json\/wp\/v2\/users\/1"}],"replies":[{"embeddable":true,"href":"https:\/\/islabonita-pb.com\/index.php\/wp-json\/wp\/v2\/comments?post=13"}],"version-history":[{"count":8,"href":"https:\/\/islabonita-pb.com\/index.php\/wp-json\/wp\/v2\/pages\/13\/revisions"}],"predecessor-version":[{"id":64,"href":"https:\/\/islabonita-pb.com\/index.php\/wp-json\/wp\/v2\/pages\/13\/revisions\/64"}],"wp:attachment":[{"href":"https:\/\/islabonita-pb.com\/index.php\/wp-json\/wp\/v2\/media?parent=13"}],"curies":[{"name":"wp","href":"https:\/\/api.w.org\/{rel}","templated":true}]}}